{"id":10662,"date":"2018-06-13T14:49:10","date_gmt":"2018-06-13T12:49:10","guid":{"rendered":"https:\/\/www.onlineprinters.se\/blogg\/?page_id=10662"},"modified":"2025-03-04T12:28:58","modified_gmt":"2025-03-04T11:28:58","slug":"blogg","status":"publish","type":"page","link":"https:\/\/www.onlineprinters.se\/blogg\/","title":{"rendered":"Start"},"content":{"rendered":"","protected":false},"excerpt":{"rendered":"","protected":false},"author":16,"featured_media":0,"parent":0,"menu_order":0,"comment_status":"closed","ping_status":"closed","template":"page-pagebuilder-letzte-Beitraege.php","meta":{"footnotes":""},"class_list":["post-10662","page","type-page","status-publish","hentry"],"yoast_head":"<!-- This site is optimized with the Yoast SEO plugin v27.5 - https:\/\/yoast.com\/product\/yoast-seo-wordpress\/ -->\n<title>Onlineprinters bloggen: gratis tutorials och mycket mer<\/title>\n<meta name=\"description\" content=\"P\u00e5 v\u00e5r blogg hittar du gratis tutorials, nyttiga tips och information om Photoshop, InDesign, marknadsf\u00f6ring och tryckning.\" \/>\n<meta name=\"robots\" content=\"index, follow, max-snippet:-1, max-image-preview:large, max-video-preview:-1\" \/>\n<link rel=\"canonical\" href=\"https:\/\/www.onlineprinters.se\/blogg\/\" \/>\n<meta property=\"og:locale\" content=\"sv_SE\" \/>\n<meta property=\"og:type\" content=\"article\" \/>\n<meta property=\"og:title\" content=\"Start\" \/>\n<meta property=\"og:description\" content=\"P\u00e5 v\u00e5r blogg hittar du gratis tutorials, nyttiga tips och information om Photoshop, InDesign, marknadsf\u00f6ring och tryckning.\" \/>\n<meta property=\"og:url\" content=\"https:\/\/www.onlineprinters.se\/blogg\/\" \/>\n<meta property=\"og:site_name\" content=\"onlineprinters.se Blogg\" \/>\n<meta property=\"article:modified_time\" content=\"2025-03-04T11:28:58+00:00\" \/>\n<meta name=\"twitter:card\" content=\"summary_large_image\" \/>\n<meta name=\"twitter:title\" content=\"Start\" \/>\n<script type=\"application\/ld+json\" class=\"yoast-schema-graph\">{\"@context\":\"https:\\\/\\\/schema.org\",\"@graph\":[{\"@type\":\"WebPage\",\"@id\":\"https:\\\/\\\/www.onlineprinters.se\\\/blogg\\\/\",\"url\":\"https:\\\/\\\/www.onlineprinters.se\\\/blogg\\\/\",\"name\":\"Onlineprinters bloggen: gratis tutorials och mycket mer\",\"isPartOf\":{\"@id\":\"https:\\\/\\\/www.onlineprinters.se\\\/blogg\\\/#website\"},\"datePublished\":\"2018-06-13T12:49:10+00:00\",\"dateModified\":\"2025-03-04T11:28:58+00:00\",\"description\":\"P\u00e5 v\u00e5r blogg hittar du gratis tutorials, nyttiga tips och information om Photoshop, InDesign, marknadsf\u00f6ring och tryckning.\",\"inLanguage\":\"sv-SE\",\"potentialAction\":[{\"@type\":\"ReadAction\",\"target\":[\"https:\\\/\\\/www.onlineprinters.se\\\/blogg\\\/\"]}]},{\"@type\":\"WebSite\",\"@id\":\"https:\\\/\\\/www.onlineprinters.se\\\/blogg\\\/#website\",\"url\":\"https:\\\/\\\/www.onlineprinters.se\\\/blogg\\\/\",\"name\":\"onlineprinters.se Blogg\",\"description\":\"\",\"potentialAction\":[{\"@type\":\"SearchAction\",\"target\":{\"@type\":\"EntryPoint\",\"urlTemplate\":\"https:\\\/\\\/www.onlineprinters.se\\\/blogg\\\/?s={search_term_string}\"},\"query-input\":{\"@type\":\"PropertyValueSpecification\",\"valueRequired\":true,\"valueName\":\"search_term_string\"}}],\"inLanguage\":\"sv-SE\"}]}<\/script>\n<!-- \/ Yoast SEO plugin. -->","yoast_head_json":{"title":"Onlineprinters bloggen: gratis tutorials och mycket mer","description":"P\u00e5 v\u00e5r blogg hittar du gratis tutorials, nyttiga tips och information om Photoshop, InDesign, marknadsf\u00f6ring och tryckning.","robots":{"index":"index","follow":"follow","max-snippet":"max-snippet:-1","max-image-preview":"max-image-preview:large","max-video-preview":"max-video-preview:-1"},"canonical":"https:\/\/www.onlineprinters.se\/blogg\/","og_locale":"sv_SE","og_type":"article","og_title":"Start","og_description":"P\u00e5 v\u00e5r blogg hittar du gratis tutorials, nyttiga tips och information om Photoshop, InDesign, marknadsf\u00f6ring och tryckning.","og_url":"https:\/\/www.onlineprinters.se\/blogg\/","og_site_name":"onlineprinters.se Blogg","article_modified_time":"2025-03-04T11:28:58+00:00","twitter_card":"summary_large_image","twitter_title":"Start","schema":{"@context":"https:\/\/schema.org","@graph":[{"@type":"WebPage","@id":"https:\/\/www.onlineprinters.se\/blogg\/","url":"https:\/\/www.onlineprinters.se\/blogg\/","name":"Onlineprinters bloggen: gratis tutorials och mycket mer","isPartOf":{"@id":"https:\/\/www.onlineprinters.se\/blogg\/#website"},"datePublished":"2018-06-13T12:49:10+00:00","dateModified":"2025-03-04T11:28:58+00:00","description":"P\u00e5 v\u00e5r blogg hittar du gratis tutorials, nyttiga tips och information om Photoshop, InDesign, marknadsf\u00f6ring och tryckning.","inLanguage":"sv-SE","potentialAction":[{"@type":"ReadAction","target":["https:\/\/www.onlineprinters.se\/blogg\/"]}]},{"@type":"WebSite","@id":"https:\/\/www.onlineprinters.se\/blogg\/#website","url":"https:\/\/www.onlineprinters.se\/blogg\/","name":"onlineprinters.se Blogg","description":"","potentialAction":[{"@type":"SearchAction","target":{"@type":"EntryPoint","urlTemplate":"https:\/\/www.onlineprinters.se\/blogg\/?s={search_term_string}"},"query-input":{"@type":"PropertyValueSpecification","valueRequired":true,"valueName":"search_term_string"}}],"inLanguage":"sv-SE"}]}},"_links":{"self":[{"href":"https:\/\/www.onlineprinters.se\/blogg\/wp-json\/wp\/v2\/pages\/10662","targetHints":{"allow":["GET"]}}],"collection":[{"href":"https:\/\/www.onlineprinters.se\/blogg\/wp-json\/wp\/v2\/pages"}],"about":[{"href":"https:\/\/www.onlineprinters.se\/blogg\/wp-json\/wp\/v2\/types\/page"}],"author":[{"embeddable":true,"href":"https:\/\/www.onlineprinters.se\/blogg\/wp-json\/wp\/v2\/users\/16"}],"replies":[{"embeddable":true,"href":"https:\/\/www.onlineprinters.se\/blogg\/wp-json\/wp\/v2\/comments?post=10662"}],"version-history":[{"count":1,"href":"https:\/\/www.onlineprinters.se\/blogg\/wp-json\/wp\/v2\/pages\/10662\/revisions"}],"predecessor-version":[{"id":13720,"href":"https:\/\/www.onlineprinters.se\/blogg\/wp-json\/wp\/v2\/pages\/10662\/revisions\/13720"}],"wp:attachment":[{"href":"https:\/\/www.onlineprinters.se\/blogg\/wp-json\/wp\/v2\/media?parent=10662"}],"curies":[{"name":"wp","href":"https:\/\/api.w.org\/{rel}","templated":true}]}}